{"id":29,"date":"2023-12-28T12:26:07","date_gmt":"2023-12-28T09:26:07","guid":{"rendered":"http:\/\/www.mustafabuyukkutlu.com\/?page_id=29"},"modified":"2024-01-09T11:59:06","modified_gmt":"2024-01-09T08:59:06","slug":"iletisim","status":"publish","type":"page","link":"https:\/\/www.mustafabuyukkutlu.com\/index.php\/iletisim\/","title":{"rendered":"\u0130leti\u015fim"},"content":{"rendered":"\n<h2 class=\"wp-block-heading\">Armutlu Ovas\u0131 Akalan Mah. Ba\u011f\u0131ms\u0131zl\u0131k K\u00fcme Evleri No:106 Kemalpa\u015fa &#8211; \u0130ZM\u0130R \/ T\u00dcRK\u0130YE<\/h2>\n\n\n\n<h2 class=\"wp-block-heading\">Elektrik Ar\u0131za Hatt\u0131: 0850 277 6 277<\/h2>\n\n\n\n<h2 class=\"wp-block-heading\">Tel: +90 (232) 876 10 40&nbsp;&nbsp;&nbsp;&nbsp;<\/h2>\n\n\n\n<h2 class=\"wp-block-heading\">Fax: +90 (232) 876 10 50<\/h2>\n\n\n\n<h2 class=\"wp-block-heading\">e- mail: kutlusan@kutlusan.com.tr<\/h2>\n","protected":false},"excerpt":{"rendered":"<p>Armutlu Ovas\u0131 Akalan Mah. Ba\u011f\u0131ms\u0131zl\u0131k K\u00fcme Evleri No:106 Kemalpa\u015fa &#8211; \u0130ZM\u0130R \/ T\u00dcRK\u0130YE Elektrik Ar\u0131za Hatt\u0131: 0850 277 6 277 Tel: +90 (232) 876 10 40&nbsp;&nbsp;&nbsp;&nbsp; Fax: +90 (232) 876 10 50 e- mail: kutlusan@kutlusan.com.tr<\/p>\n","protected":false},"author":5,"featured_media":0,"parent":0,"menu_order":0,"comment_status":"closed","ping_status":"closed","template":"","meta":[],"_links":{"self":[{"href":"https:\/\/www.mustafabuyukkutlu.com\/index.php\/wp-json\/wp\/v2\/pages\/29"}],"collection":[{"href":"https:\/\/www.mustafabuyukkutlu.com\/index.php\/wp-json\/wp\/v2\/pages"}],"about":[{"href":"https:\/\/www.mustafabuyukkutlu.com\/index.php\/wp-json\/wp\/v2\/types\/page"}],"author":[{"embeddable":true,"href":"https:\/\/www.mustafabuyukkutlu.com\/index.php\/wp-json\/wp\/v2\/users\/5"}],"replies":[{"embeddable":true,"href":"https:\/\/www.mustafabuyukkutlu.com\/index.php\/wp-json\/wp\/v2\/comments?post=29"}],"version-history":[{"count":2,"href":"https:\/\/www.mustafabuyukkutlu.com\/index.php\/wp-json\/wp\/v2\/pages\/29\/revisions"}],"predecessor-version":[{"id":95,"href":"https:\/\/www.mustafabuyukkutlu.com\/index.php\/wp-json\/wp\/v2\/pages\/29\/revisions\/95"}],"wp:attachment":[{"href":"https:\/\/www.mustafabuyukkutlu.com\/index.php\/wp-json\/wp\/v2\/media?parent=29"}],"curies":[{"name":"wp","href":"https:\/\/api.w.org\/{rel}","templated":true}]}}