{"id":28,"date":"2023-12-28T12:26:07","date_gmt":"2023-12-28T09:26:07","guid":{"rendered":"http:\/\/www.mustafabuyukkutlu.com\/?page_id=28"},"modified":"2024-01-05T11:33:39","modified_gmt":"2024-01-05T08:33:39","slug":"kutlusan-2","status":"publish","type":"page","link":"https:\/\/www.mustafabuyukkutlu.com\/index.php\/kutlusan-2\/","title":{"rendered":"Kutlusan"},"content":{"rendered":"\n<figure class=\"wp-block-gallery has-nested-images columns-default is-cropped wp-block-gallery-1 is-layout-flex\"><div class=\"wp-block-image\">\n<figure class=\"aligncenter size-large\"><img decoding=\"async\" loading=\"lazy\" width=\"1024\" height=\"752\" data-id=\"70\"  src=\"http:\/\/www.mustafabuyukkutlu.com\/wp-content\/uploads\/2024\/01\/Adsiz-123123-1024x752.jpg\" alt=\"\" class=\"wp-image-70\" srcset=\"https:\/\/www.mustafabuyukkutlu.com\/wp-content\/uploads\/2024\/01\/Adsiz-123123-1024x752.jpg 1024w, https:\/\/www.mustafabuyukkutlu.com\/wp-content\/uploads\/2024\/01\/Adsiz-123123-300x220.jpg 300w, https:\/\/www.mustafabuyukkutlu.com\/wp-content\/uploads\/2024\/01\/Adsiz-123123-768x564.jpg 768w, https:\/\/www.mustafabuyukkutlu.com\/wp-content\/uploads\/2024\/01\/Adsiz-123123-1536x1128.jpg 1536w, https:\/\/www.mustafabuyukkutlu.com\/wp-content\/uploads\/2024\/01\/Adsiz-123123-2048x1504.jpg 2048w\" sizes=\"(max-width: 1024px) 100vw, 1024px\" \/><\/figure><\/div><\/figure>\n\n\n\n<p><\/p>\n\n\n\n<p>Firmam\u0131z 1996 y\u0131l\u0131nda T\u00fcrkiye tavuk\u00e7uluk sekt\u00f6r\u00fcnde kaliteli ekipman \u00fcretimi i\u00e7in kurulmu\u015ftur. 1996 y\u0131l\u0131nda 300 m\u00b2 kapal\u0131 alandaki bir at\u00f6lye ile \u00e7al\u0131\u015fmalar\u0131na ba\u015flayan firmam\u0131z, 1998 y\u0131l\u0131nda 1.200 m\u00b2\u2019lik yeni \u00fcretim tesislerine ta\u015f\u0131nm\u0131\u015ft\u0131r ve b\u00fcy\u00fcmesine paralel olarak 2003 y\u0131l\u0131nda mevcut fabrika alan\u0131na ta\u015f\u0131narak 2.400 m\u00b2 kapal\u0131 alanda faaliyetlerine devam etmi\u015f ve markala\u015fma s\u00fcrecimiz ba\u015flam\u0131\u015ft\u0131r.<br><br>&nbsp; &nbsp; Ayn\u0131 y\u0131l \u00fcretim tesisimiz i\u00e7erisindeki 500 m\u00b2\u2019lik alanda kurulan Ar-Ge k\u00fcmesi ile Ar-Ge \u00e7al\u0131\u015fmalar\u0131na ba\u015flanm\u0131\u015ft\u0131r. Bug\u00fcn \u0130zmir, Kemalpa\u015fa, Ankara yolu \u00fczerinde bulunan 21.000 m\u00b2 kapal\u0131 alan\u0131 bulunan \u00fcretim, 3.000 m\u00b2\u2019si de Yurt d\u0131\u015f\u0131nda bulunan sat\u0131\u015f ofisleri (\u00c7in ve Suudi Arabistan) olmak \u00fczere 24.000 m\u00b2\u2019si kapal\u0131 alan, toplam 58.000 m\u00b2\u2019ye yay\u0131lan tesislerimizde hizmet \u00fcretmekteyiz.<\/p>\n\n\n\n<p>&nbsp; &nbsp; \u00dcretim tesislerimize ek olarak ekipmanlar\u0131n \u00fczerindeki de\u011fi\u015fiklikleri ve bu de\u011fi\u015fikliklerin yeti\u015ftirilen etlik pili\u00e7 ve yumurtac\u0131 tavuklar \u00fczerine etkilerini ara\u015ft\u0131rmak amac\u0131yla kurulmu\u015f 10.000 m\u00b2\u2019si kapal\u0131 alan olmak \u00fczere toplam 150.000 m\u00b2\u2019lik 2 ayr\u0131 \u00c7iftlikte 5 Ar-Ge k\u00fcmesimiz bulunmaktad\u0131r.<\/p>\n\n\n\n<p>&nbsp; &nbsp; Sekt\u00f6rde emin ad\u0131mlarla b\u00fcy\u00fcyen \u015firketimiz, 1996 y\u0131l\u0131nda sadece \u0130zmir ve \u00e7evresinde tan\u0131n\u0131rken, 2012 y\u0131l\u0131nda 5 K\u0131tada bilinen ve tercih edilen bir &#8220;marka&#8221; haline gelmi\u015f ve ileri teknoloji, g\u00fc\u00e7l\u00fc insan kaynaklar\u0131 ve profesyonelli\u011fini kalite ve ba\u015far\u0131ya d\u00f6n\u00fc\u015ft\u00fcrerek bilin\u00e7li yat\u0131r\u0131mc\u0131n\u0131n tercihi olmaktad\u0131r.<\/p>\n\n\n\n<p>&nbsp; &nbsp; Kutlusan kurulu\u015fundan bug\u00fcne kadar, s\u00fcrekli kaliteli malzeme kullanarak kaliteli mamuller \u00fcreten, her zaman m\u00fc\u015fteri memnuniyetini \u00f6n planda tutan ve kurdu\u011fu tesislerin sat\u0131\u015f sonras\u0131 hizmetlerini de ba\u015far\u0131yla g\u00f6t\u00fcren bir firma olmu\u015ftur. \u0130\u015fte bu sayededir ki &#8220;KUTLUSAN KAL\u0130TE ALI\u015eKANLI\u011eI&#8221;n\u0131 do\u011furabilmi\u015f, m\u00fc\u015fteri ili\u015fkilerinde s\u00fcreklilik sa\u011flayabilmi\u015f, sekt\u00f6r\u00fcnde \u00fcretim ve ihracat lideri olmu\u015ftur. Kutlusan A.\u015e. anahtar teslim projeleri ile en iyi hizmeti en uygun fiyata sunmaktad\u0131r. Ayr\u0131ca firma&nbsp;yurt d\u0131\u015f\u0131ndaki&nbsp;lider kurulu\u015flar\u0131n temsilcilikleri ile \u00fcr\u00fcn yelpazesini her ge\u00e7en g\u00fcn artt\u0131rmaktad\u0131r.<\/p>\n\n\n\n<p>&nbsp; &nbsp; Kutlusan, TSE Hizmette Yeterlilik Belgesi, TSEK Kritere Uygunluk Belgesi, ISO 9001 Kalite Y\u00f6netim Sistemi, ISO 14001 \u00c7evre Y\u00f6netim Sistemi, OHSAS 18001 \u0130\u015f\u00e7i Sa\u011fl\u0131\u011f\u0131 ve \u0130\u015f G\u00fcvenli\u011fi Y\u00f6netim Sistemi belgelerini alarak m\u00fc\u015fterilerine ula\u015ft\u0131rd\u0131\u011f\u0131 kaliteyi tescillemi\u015ftir.&nbsp;<\/p>\n","protected":false},"excerpt":{"rendered":"<p>Firmam\u0131z 1996 y\u0131l\u0131nda T\u00fcrkiye tavuk\u00e7uluk sekt\u00f6r\u00fcnde kaliteli ekipman \u00fcretimi i\u00e7in kurulmu\u015ftur. 1996 y\u0131l\u0131nda 300 m\u00b2 kapal\u0131 alandaki bir at\u00f6lye ile \u00e7al\u0131\u015fmalar\u0131na ba\u015flayan firmam\u0131z, 1998 y\u0131l\u0131nda 1.200 m\u00b2\u2019lik yeni \u00fcretim tesislerine ta\u015f\u0131nm\u0131\u015ft\u0131r ve b\u00fcy\u00fcmesine paralel olarak 2003 y\u0131l\u0131nda mevcut fabrika alan\u0131na ta\u015f\u0131narak 2.400 m\u00b2 kapal\u0131 alanda faaliyetlerine devam etmi\u015f ve markala\u015fma s\u00fcrecimiz ba\u015flam\u0131\u015ft\u0131r. &nbsp; &nbsp; Ayn\u0131 [&hellip;]<\/p>\n","protected":false},"author":5,"featured_media":0,"parent":0,"menu_order":0,"comment_status":"closed","ping_status":"closed","template":"","meta":[],"_links":{"self":[{"href":"https:\/\/www.mustafabuyukkutlu.com\/index.php\/wp-json\/wp\/v2\/pages\/28"}],"collection":[{"href":"https:\/\/www.mustafabuyukkutlu.com\/index.php\/wp-json\/wp\/v2\/pages"}],"about":[{"href":"https:\/\/www.mustafabuyukkutlu.com\/index.php\/wp-json\/wp\/v2\/types\/page"}],"author":[{"embeddable":true,"href":"https:\/\/www.mustafabuyukkutlu.com\/index.php\/wp-json\/wp\/v2\/users\/5"}],"replies":[{"embeddable":true,"href":"https:\/\/www.mustafabuyukkutlu.com\/index.php\/wp-json\/wp\/v2\/comments?post=28"}],"version-history":[{"count":3,"href":"https:\/\/www.mustafabuyukkutlu.com\/index.php\/wp-json\/wp\/v2\/pages\/28\/revisions"}],"predecessor-version":[{"id":72,"href":"https:\/\/www.mustafabuyukkutlu.com\/index.php\/wp-json\/wp\/v2\/pages\/28\/revisions\/72"}],"wp:attachment":[{"href":"https:\/\/www.mustafabuyukkutlu.com\/index.php\/wp-json\/wp\/v2\/media?parent=28"}],"curies":[{"name":"wp","href":"https:\/\/api.w.org\/{rel}","templated":true}]}}