{"id":27,"date":"2023-12-28T12:26:07","date_gmt":"2023-12-28T09:26:07","guid":{"rendered":"http:\/\/www.mustafabuyukkutlu.com\/?page_id=27"},"modified":"2024-01-09T11:52:14","modified_gmt":"2024-01-09T08:52:14","slug":"sosyal-sorumluluk","status":"publish","type":"page","link":"https:\/\/www.mustafabuyukkutlu.com\/index.php\/sosyal-sorumluluk\/","title":{"rendered":"Sosyal Sorumluluk"},"content":{"rendered":"\n<p>2004 y\u0131l\u0131nda \u0130zmir Narl\u0131dere Yenik\u00f6y Mahallesi\u2019nde Kutlu Yalva\u00e7 Camii\u2019nin yap\u0131m\u0131n\u0131 \u00fcstlendi.<\/p>\n\n\n\n<p>\u0130zmir Kemalpa\u015fa Akalan K\u00f6y\u00fc\u2019nde Sa\u011fl\u0131k Oca\u011f\u0131 yap\u0131m\u0131n\u0131 \u00fcstlendi.<\/p>\n\n\n\n<p>2009 y\u0131l\u0131nda S\u00fcleyman Demirel \u00dcniversitesi\u2019ne ba\u011fl\u0131 Yalva\u00e7 B\u00fcy\u00fckkutlu Uygulamal\u0131 Bilimler Y\u00fcksekokulu\u2019nu yap\u0131m\u0131n\u0131 \u00fcstlendi.<\/p>\n\n\n\n<p>Isparta Yalva\u00e7\u2019ta \u00d6z\u00fcrl\u00fcler E\u011fitim Tesisi ve Kre\u015fi\u2019nin yap\u0131m\u0131na katk\u0131larda bulundu.<\/p>\n\n\n\n<p>Kemalpa\u015fa Devlet Hastanesi Ek hizmet binas\u0131n\u0131n yap\u0131m\u0131na katk\u0131larda bulundu<\/p>\n\n\n\n<p>Yurdun \u00e7e\u015fitli yerlerinde Milli E\u011fitim Bakanl\u0131\u011f\u0131\u2019na ba\u011fl\u0131 okullara tamirat ve bak\u0131m i\u015fleri i\u00e7in yard\u0131mlarda bulundu.<\/p>\n\n\n\n<p>Isparta Kad\u0131n Do\u011fum ve \u00c7ocuk Hastanesin de 5 yatakl\u0131 yeti\u015fkin yo\u011fun bak\u0131m \u00fcnitesinin donat\u0131m\u0131n\u0131 \u00fcstlendi.<\/p>\n\n\n\n<p>Isparta Yalva\u00e7&#8217;ta Vesile \u015eefika B\u00fcy\u00fckkutlu \u00d6zel E\u011fitim \u0130\u015f Merkezinin yap\u0131m\u0131na kat\u0131larda bulundu.<\/p>\n\n\n\n<p>Isparta Yalva\u00e7&#8217;ta yapt\u0131r\u0131lan Ya\u015fl\u0131 Bak\u0131mevi ve Rehabilitasyon Merkezi yap\u0131m\u0131n\u0131 \u00fcstlendi.<\/p>\n\n\n\n<p>\u0130zmir Kemalpa\u015fa Akalan Sa\u011fl\u0131k Evi&#8217;nin yap\u0131m\u0131n\u0131 \u00fcstlendi.<\/p>\n\n\n\n<p>\u0130zmir Ege \u00dcniversitesi ide EGE-TGB Teknopark yap\u0131m\u0131nda katk\u0131larda bulundu.<\/p>\n\n\n\n<p><\/p>\n\n\n\n<figure class=\"wp-block-gallery has-nested-images columns-default is-cropped wp-block-gallery-1 is-layout-flex\">\n<figure class=\"wp-block-image size-large\"><img decoding=\"async\" loading=\"lazy\" width=\"725\" height=\"1024\" data-id=\"86\"  src=\"http:\/\/www.mustafabuyukkutlu.com\/wp-content\/uploads\/2024\/01\/AKALAN-SAGLIK-EVI-725x1024.jpg\" alt=\"\" class=\"wp-image-86\" srcset=\"https:\/\/www.mustafabuyukkutlu.com\/wp-content\/uploads\/2024\/01\/AKALAN-SAGLIK-EVI-725x1024.jpg 725w, https:\/\/www.mustafabuyukkutlu.com\/wp-content\/uploads\/2024\/01\/AKALAN-SAGLIK-EVI-212x300.jpg 212w, https:\/\/www.mustafabuyukkutlu.com\/wp-content\/uploads\/2024\/01\/AKALAN-SAGLIK-EVI-768x1085.jpg 768w, https:\/\/www.mustafabuyukkutlu.com\/wp-content\/uploads\/2024\/01\/AKALAN-SAGLIK-EVI-1087x1536.jpg 1087w, https:\/\/www.mustafabuyukkutlu.com\/wp-content\/uploads\/2024\/01\/AKALAN-SAGLIK-EVI-1449x2048.jpg 1449w, https:\/\/www.mustafabuyukkutlu.com\/wp-content\/uploads\/2024\/01\/AKALAN-SAGLIK-EVI-scaled.jpg 1811w\" sizes=\"(max-width: 725px) 100vw, 725px\" \/><\/figure>\n\n\n\n<figure class=\"wp-block-image size-large\"><img decoding=\"async\" loading=\"lazy\" width=\"1024\" height=\"724\" data-id=\"85\"  src=\"http:\/\/www.mustafabuyukkutlu.com\/wp-content\/uploads\/2024\/01\/AKP-IZMIR-MILLETVEKILI-HAMZA-DAG2-Kopya-1024x724.jpg\" alt=\"\" class=\"wp-image-85\" srcset=\"https:\/\/www.mustafabuyukkutlu.com\/wp-content\/uploads\/2024\/01\/AKP-IZMIR-MILLETVEKILI-HAMZA-DAG2-Kopya-1024x724.jpg 1024w, https:\/\/www.mustafabuyukkutlu.com\/wp-content\/uploads\/2024\/01\/AKP-IZMIR-MILLETVEKILI-HAMZA-DAG2-Kopya-300x212.jpg 300w, https:\/\/www.mustafabuyukkutlu.com\/wp-content\/uploads\/2024\/01\/AKP-IZMIR-MILLETVEKILI-HAMZA-DAG2-Kopya-768x543.jpg 768w, https:\/\/www.mustafabuyukkutlu.com\/wp-content\/uploads\/2024\/01\/AKP-IZMIR-MILLETVEKILI-HAMZA-DAG2-Kopya-1536x1086.jpg 1536w, https:\/\/www.mustafabuyukkutlu.com\/wp-content\/uploads\/2024\/01\/AKP-IZMIR-MILLETVEKILI-HAMZA-DAG2-Kopya-2048x1448.jpg 2048w\" sizes=\"(max-width: 1024px) 100vw, 1024px\" \/><\/figure>\n\n\n\n<figure class=\"wp-block-image size-large\"><img decoding=\"async\" loading=\"lazy\" width=\"1024\" height=\"724\" data-id=\"82\"  src=\"http:\/\/www.mustafabuyukkutlu.com\/wp-content\/uploads\/2024\/01\/AKP-MILLETVEKILI-KEREM-ALI-SUREKLI-Kopya-1024x724.jpg\" alt=\"\" class=\"wp-image-82\" srcset=\"https:\/\/www.mustafabuyukkutlu.com\/wp-content\/uploads\/2024\/01\/AKP-MILLETVEKILI-KEREM-ALI-SUREKLI-Kopya-1024x724.jpg 1024w, https:\/\/www.mustafabuyukkutlu.com\/wp-content\/uploads\/2024\/01\/AKP-MILLETVEKILI-KEREM-ALI-SUREKLI-Kopya-300x212.jpg 300w, https:\/\/www.mustafabuyukkutlu.com\/wp-content\/uploads\/2024\/01\/AKP-MILLETVEKILI-KEREM-ALI-SUREKLI-Kopya-768x543.jpg 768w, https:\/\/www.mustafabuyukkutlu.com\/wp-content\/uploads\/2024\/01\/AKP-MILLETVEKILI-KEREM-ALI-SUREKLI-Kopya-1536x1086.jpg 1536w, https:\/\/www.mustafabuyukkutlu.com\/wp-content\/uploads\/2024\/01\/AKP-MILLETVEKILI-KEREM-ALI-SUREKLI-Kopya-2048x1448.jpg 2048w\" sizes=\"(max-width: 1024px) 100vw, 1024px\" \/><\/figure>\n\n\n\n<figure class=\"wp-block-image size-large\"><img decoding=\"async\" loading=\"lazy\" width=\"1024\" height=\"700\" data-id=\"81\"  src=\"http:\/\/www.mustafabuyukkutlu.com\/wp-content\/uploads\/2024\/01\/BUYUKKUTLU-YASLI-BAKIMEVI-VEREHABILITSAYON-MERKEZI-ACILIS-2018-1024x700.jpg\" alt=\"\" class=\"wp-image-81\" srcset=\"https:\/\/www.mustafabuyukkutlu.com\/wp-content\/uploads\/2024\/01\/BUYUKKUTLU-YASLI-BAKIMEVI-VEREHABILITSAYON-MERKEZI-ACILIS-2018-1024x700.jpg 1024w, https:\/\/www.mustafabuyukkutlu.com\/wp-content\/uploads\/2024\/01\/BUYUKKUTLU-YASLI-BAKIMEVI-VEREHABILITSAYON-MERKEZI-ACILIS-2018-300x205.jpg 300w, https:\/\/www.mustafabuyukkutlu.com\/wp-content\/uploads\/2024\/01\/BUYUKKUTLU-YASLI-BAKIMEVI-VEREHABILITSAYON-MERKEZI-ACILIS-2018-768x525.jpg 768w, https:\/\/www.mustafabuyukkutlu.com\/wp-content\/uploads\/2024\/01\/BUYUKKUTLU-YASLI-BAKIMEVI-VEREHABILITSAYON-MERKEZI-ACILIS-2018-1536x1051.jpg 1536w, https:\/\/www.mustafabuyukkutlu.com\/wp-content\/uploads\/2024\/01\/BUYUKKUTLU-YASLI-BAKIMEVI-VEREHABILITSAYON-MERKEZI-ACILIS-2018-2048x1401.jpg 2048w\" sizes=\"(max-width: 1024px) 100vw, 1024px\" \/><\/figure>\n\n\n\n<figure class=\"wp-block-image size-large\"><img decoding=\"async\" loading=\"lazy\" width=\"1024\" height=\"724\" data-id=\"84\"  src=\"http:\/\/www.mustafabuyukkutlu.com\/wp-content\/uploads\/2024\/01\/Ege-Uni.-Teknopark-IdeEge-Inci-Binasi-Acilisi-2014-1024x724.jpg\" alt=\"\" class=\"wp-image-84\" srcset=\"https:\/\/www.mustafabuyukkutlu.com\/wp-content\/uploads\/2024\/01\/Ege-Uni.-Teknopark-IdeEge-Inci-Binasi-Acilisi-2014-1024x724.jpg 1024w, https:\/\/www.mustafabuyukkutlu.com\/wp-content\/uploads\/2024\/01\/Ege-Uni.-Teknopark-IdeEge-Inci-Binasi-Acilisi-2014-300x212.jpg 300w, https:\/\/www.mustafabuyukkutlu.com\/wp-content\/uploads\/2024\/01\/Ege-Uni.-Teknopark-IdeEge-Inci-Binasi-Acilisi-2014-768x543.jpg 768w, https:\/\/www.mustafabuyukkutlu.com\/wp-content\/uploads\/2024\/01\/Ege-Uni.-Teknopark-IdeEge-Inci-Binasi-Acilisi-2014-1536x1086.jpg 1536w, https:\/\/www.mustafabuyukkutlu.com\/wp-content\/uploads\/2024\/01\/Ege-Uni.-Teknopark-IdeEge-Inci-Binasi-Acilisi-2014-2048x1448.jpg 2048w\" sizes=\"(max-width: 1024px) 100vw, 1024px\" \/><\/figure>\n\n\n\n<figure class=\"wp-block-image size-large\"><img decoding=\"async\" loading=\"lazy\" width=\"724\" height=\"1024\" data-id=\"83\"  src=\"http:\/\/www.mustafabuyukkutlu.com\/wp-content\/uploads\/2024\/01\/EGE-UNIVERSITESI-TEKNOPARK-ACILISTKopya-724x1024.jpg\" alt=\"\" class=\"wp-image-83\" srcset=\"https:\/\/www.mustafabuyukkutlu.com\/wp-content\/uploads\/2024\/01\/EGE-UNIVERSITESI-TEKNOPARK-ACILISTKopya-724x1024.jpg 724w, https:\/\/www.mustafabuyukkutlu.com\/wp-content\/uploads\/2024\/01\/EGE-UNIVERSITESI-TEKNOPARK-ACILISTKopya-212x300.jpg 212w, https:\/\/www.mustafabuyukkutlu.com\/wp-content\/uploads\/2024\/01\/EGE-UNIVERSITESI-TEKNOPARK-ACILISTKopya-768x1086.jpg 768w, https:\/\/www.mustafabuyukkutlu.com\/wp-content\/uploads\/2024\/01\/EGE-UNIVERSITESI-TEKNOPARK-ACILISTKopya-1086x1536.jpg 1086w, https:\/\/www.mustafabuyukkutlu.com\/wp-content\/uploads\/2024\/01\/EGE-UNIVERSITESI-TEKNOPARK-ACILISTKopya-1448x2048.jpg 1448w, https:\/\/www.mustafabuyukkutlu.com\/wp-content\/uploads\/2024\/01\/EGE-UNIVERSITESI-TEKNOPARK-ACILISTKopya-scaled.jpg 1810w\" sizes=\"(max-width: 724px) 100vw, 724px\" \/><\/figure>\n\n\n\n<figure class=\"wp-block-image size-large\"><img decoding=\"async\" loading=\"lazy\" width=\"1024\" height=\"695\" data-id=\"87\"  src=\"http:\/\/www.mustafabuyukkutlu.com\/wp-content\/uploads\/2024\/01\/IMG_00051-1024x695.jpg\" alt=\"\" class=\"wp-image-87\" srcset=\"https:\/\/www.mustafabuyukkutlu.com\/wp-content\/uploads\/2024\/01\/IMG_00051-1024x695.jpg 1024w, https:\/\/www.mustafabuyukkutlu.com\/wp-content\/uploads\/2024\/01\/IMG_00051-300x203.jpg 300w, https:\/\/www.mustafabuyukkutlu.com\/wp-content\/uploads\/2024\/01\/IMG_00051-768x521.jpg 768w, https:\/\/www.mustafabuyukkutlu.com\/wp-content\/uploads\/2024\/01\/IMG_00051-1536x1042.jpg 1536w, https:\/\/www.mustafabuyukkutlu.com\/wp-content\/uploads\/2024\/01\/IMG_00051-2048x1389.jpg 2048w\" sizes=\"(max-width: 1024px) 100vw, 1024px\" \/><\/figure>\n\n\n\n<figure class=\"wp-block-image size-large\"><img decoding=\"async\" loading=\"lazy\" width=\"1024\" height=\"700\" data-id=\"88\"  src=\"http:\/\/www.mustafabuyukkutlu.com\/wp-content\/uploads\/2024\/01\/KEMALPASA-DEVLET-HASTANESI-EK-BINA-ACILISI-2015-1024x700.jpg\" alt=\"\" class=\"wp-image-88\" srcset=\"https:\/\/www.mustafabuyukkutlu.com\/wp-content\/uploads\/2024\/01\/KEMALPASA-DEVLET-HASTANESI-EK-BINA-ACILISI-2015-1024x700.jpg 1024w, https:\/\/www.mustafabuyukkutlu.com\/wp-content\/uploads\/2024\/01\/KEMALPASA-DEVLET-HASTANESI-EK-BINA-ACILISI-2015-300x205.jpg 300w, https:\/\/www.mustafabuyukkutlu.com\/wp-content\/uploads\/2024\/01\/KEMALPASA-DEVLET-HASTANESI-EK-BINA-ACILISI-2015-768x525.jpg 768w, https:\/\/www.mustafabuyukkutlu.com\/wp-content\/uploads\/2024\/01\/KEMALPASA-DEVLET-HASTANESI-EK-BINA-ACILISI-2015-1536x1051.jpg 1536w, https:\/\/www.mustafabuyukkutlu.com\/wp-content\/uploads\/2024\/01\/KEMALPASA-DEVLET-HASTANESI-EK-BINA-ACILISI-2015-2048x1401.jpg 2048w\" sizes=\"(max-width: 1024px) 100vw, 1024px\" \/><\/figure>\n\n\n\n<figure class=\"wp-block-image size-large\"><img decoding=\"async\" loading=\"lazy\" width=\"768\" height=\"1024\" data-id=\"89\"  src=\"http:\/\/www.mustafabuyukkutlu.com\/wp-content\/uploads\/2024\/01\/KUTLU-YALVAC-CAMI-ACILIS-2015-768x1024.jpg\" alt=\"\" class=\"wp-image-89\" srcset=\"https:\/\/www.mustafabuyukkutlu.com\/wp-content\/uploads\/2024\/01\/KUTLU-YALVAC-CAMI-ACILIS-2015-768x1024.jpg 768w, https:\/\/www.mustafabuyukkutlu.com\/wp-content\/uploads\/2024\/01\/KUTLU-YALVAC-CAMI-ACILIS-2015-225x300.jpg 225w, https:\/\/www.mustafabuyukkutlu.com\/wp-content\/uploads\/2024\/01\/KUTLU-YALVAC-CAMI-ACILIS-2015-1152x1536.jpg 1152w, https:\/\/www.mustafabuyukkutlu.com\/wp-content\/uploads\/2024\/01\/KUTLU-YALVAC-CAMI-ACILIS-2015-1536x2048.jpg 1536w, https:\/\/www.mustafabuyukkutlu.com\/wp-content\/uploads\/2024\/01\/KUTLU-YALVAC-CAMI-ACILIS-2015.jpg 1594w\" sizes=\"(max-width: 768px) 100vw, 768px\" \/><\/figure>\n\n\n\n<figure class=\"wp-block-image size-large\"><img decoding=\"async\" loading=\"lazy\" width=\"468\" height=\"300\" data-id=\"90\"  src=\"http:\/\/www.mustafabuyukkutlu.com\/wp-content\/uploads\/2024\/01\/MTU5ODkyMT-kemalpasa-devlet-hastanesi-ek-binasi-mayista-aciliyor.jpg\" alt=\"\" class=\"wp-image-90\" srcset=\"https:\/\/www.mustafabuyukkutlu.com\/wp-content\/uploads\/2024\/01\/MTU5ODkyMT-kemalpasa-devlet-hastanesi-ek-binasi-mayista-aciliyor.jpg 468w, https:\/\/www.mustafabuyukkutlu.com\/wp-content\/uploads\/2024\/01\/MTU5ODkyMT-kemalpasa-devlet-hastanesi-ek-binasi-mayista-aciliyor-300x192.jpg 300w\" sizes=\"(max-width: 468px) 100vw, 468px\" \/><\/figure>\n\n\n\n<figure class=\"wp-block-image size-large\"><img decoding=\"async\" loading=\"lazy\" width=\"1024\" height=\"700\" data-id=\"92\"  src=\"http:\/\/www.mustafabuyukkutlu.com\/wp-content\/uploads\/2024\/01\/SULEYMAN-DEMIREL-UNI.-YALVAC-BUYUKKUTLU-UYG.-BILIMLER-YUKSEK-OKULU-1024x700.jpg\" alt=\"\" class=\"wp-image-92\" srcset=\"https:\/\/www.mustafabuyukkutlu.com\/wp-content\/uploads\/2024\/01\/SULEYMAN-DEMIREL-UNI.-YALVAC-BUYUKKUTLU-UYG.-BILIMLER-YUKSEK-OKULU-1024x700.jpg 1024w, https:\/\/www.mustafabuyukkutlu.com\/wp-content\/uploads\/2024\/01\/SULEYMAN-DEMIREL-UNI.-YALVAC-BUYUKKUTLU-UYG.-BILIMLER-YUKSEK-OKULU-300x205.jpg 300w, https:\/\/www.mustafabuyukkutlu.com\/wp-content\/uploads\/2024\/01\/SULEYMAN-DEMIREL-UNI.-YALVAC-BUYUKKUTLU-UYG.-BILIMLER-YUKSEK-OKULU-768x525.jpg 768w, https:\/\/www.mustafabuyukkutlu.com\/wp-content\/uploads\/2024\/01\/SULEYMAN-DEMIREL-UNI.-YALVAC-BUYUKKUTLU-UYG.-BILIMLER-YUKSEK-OKULU-1536x1051.jpg 1536w, https:\/\/www.mustafabuyukkutlu.com\/wp-content\/uploads\/2024\/01\/SULEYMAN-DEMIREL-UNI.-YALVAC-BUYUKKUTLU-UYG.-BILIMLER-YUKSEK-OKULU-2048x1401.jpg 2048w\" sizes=\"(max-width: 1024px) 100vw, 1024px\" \/><\/figure>\n\n\n\n<figure class=\"wp-block-image size-large\"><img decoding=\"async\" loading=\"lazy\" width=\"1024\" height=\"700\" data-id=\"93\"  src=\"http:\/\/www.mustafabuyukkutlu.com\/wp-content\/uploads\/2024\/01\/VESILE-BUYUKKUTLU-OZEL-EGITIM-IS-UYGULAMA-EGTIM-OKULU-1024x700.jpg\" alt=\"\" class=\"wp-image-93\" srcset=\"https:\/\/www.mustafabuyukkutlu.com\/wp-content\/uploads\/2024\/01\/VESILE-BUYUKKUTLU-OZEL-EGITIM-IS-UYGULAMA-EGTIM-OKULU-1024x700.jpg 1024w, https:\/\/www.mustafabuyukkutlu.com\/wp-content\/uploads\/2024\/01\/VESILE-BUYUKKUTLU-OZEL-EGITIM-IS-UYGULAMA-EGTIM-OKULU-300x205.jpg 300w, https:\/\/www.mustafabuyukkutlu.com\/wp-content\/uploads\/2024\/01\/VESILE-BUYUKKUTLU-OZEL-EGITIM-IS-UYGULAMA-EGTIM-OKULU-768x525.jpg 768w, https:\/\/www.mustafabuyukkutlu.com\/wp-content\/uploads\/2024\/01\/VESILE-BUYUKKUTLU-OZEL-EGITIM-IS-UYGULAMA-EGTIM-OKULU-1536x1051.jpg 1536w, https:\/\/www.mustafabuyukkutlu.com\/wp-content\/uploads\/2024\/01\/VESILE-BUYUKKUTLU-OZEL-EGITIM-IS-UYGULAMA-EGTIM-OKULU-2048x1401.jpg 2048w\" sizes=\"(max-width: 1024px) 100vw, 1024px\" \/><\/figure>\n<\/figure>\n","protected":false},"excerpt":{"rendered":"<p>2004 y\u0131l\u0131nda \u0130zmir Narl\u0131dere Yenik\u00f6y Mahallesi\u2019nde Kutlu Yalva\u00e7 Camii\u2019nin yap\u0131m\u0131n\u0131 \u00fcstlendi. \u0130zmir Kemalpa\u015fa Akalan K\u00f6y\u00fc\u2019nde Sa\u011fl\u0131k Oca\u011f\u0131 yap\u0131m\u0131n\u0131 \u00fcstlendi. 2009 y\u0131l\u0131nda S\u00fcleyman Demirel \u00dcniversitesi\u2019ne ba\u011fl\u0131 Yalva\u00e7 B\u00fcy\u00fckkutlu Uygulamal\u0131 Bilimler Y\u00fcksekokulu\u2019nu yap\u0131m\u0131n\u0131 \u00fcstlendi. Isparta Yalva\u00e7\u2019ta \u00d6z\u00fcrl\u00fcler E\u011fitim Tesisi ve Kre\u015fi\u2019nin yap\u0131m\u0131na katk\u0131larda bulundu. Kemalpa\u015fa Devlet Hastanesi Ek hizmet binas\u0131n\u0131n yap\u0131m\u0131na katk\u0131larda bulundu Yurdun \u00e7e\u015fitli yerlerinde Milli [&hellip;]<\/p>\n","protected":false},"author":5,"featured_media":0,"parent":0,"menu_order":0,"comment_status":"closed","ping_status":"closed","template":"","meta":[],"_links":{"self":[{"href":"https:\/\/www.mustafabuyukkutlu.com\/index.php\/wp-json\/wp\/v2\/pages\/27"}],"collection":[{"href":"https:\/\/www.mustafabuyukkutlu.com\/index.php\/wp-json\/wp\/v2\/pages"}],"about":[{"href":"https:\/\/www.mustafabuyukkutlu.com\/index.php\/wp-json\/wp\/v2\/types\/page"}],"author":[{"embeddable":true,"href":"https:\/\/www.mustafabuyukkutlu.com\/index.php\/wp-json\/wp\/v2\/users\/5"}],"replies":[{"embeddable":true,"href":"https:\/\/www.mustafabuyukkutlu.com\/index.php\/wp-json\/wp\/v2\/comments?post=27"}],"version-history":[{"count":3,"href":"https:\/\/www.mustafabuyukkutlu.com\/index.php\/wp-json\/wp\/v2\/pages\/27\/revisions"}],"predecessor-version":[{"id":94,"href":"https:\/\/www.mustafabuyukkutlu.com\/index.php\/wp-json\/wp\/v2\/pages\/27\/revisions\/94"}],"wp:attachment":[{"href":"https:\/\/www.mustafabuyukkutlu.com\/index.php\/wp-json\/wp\/v2\/media?parent=27"}],"curies":[{"name":"wp","href":"https:\/\/api.w.org\/{rel}","templated":true}]}}