{"id":25,"date":"2023-12-28T12:26:06","date_gmt":"2023-12-28T09:26:06","guid":{"rendered":"http:\/\/www.mustafabuyukkutlu.com\/?page_id=25"},"modified":"2024-01-05T11:31:02","modified_gmt":"2024-01-05T08:31:02","slug":"biyografi","status":"publish","type":"page","link":"https:\/\/www.mustafabuyukkutlu.com\/index.php\/biyografi\/","title":{"rendered":"Biyografi"},"content":{"rendered":"\n<div class=\"wp-block-group is-layout-constrained\"><div class=\"wp-block-group__inner-container\">\n<p>1948 y\u0131l\u0131nda Isparta&#8217;n\u0131n Yalva\u00e7 il\u00e7esinde do\u011fdu. \u0130lk ve orta \u00f6\u011frenimini Yalva\u00e7\u2019ta tamamlam\u0131\u015ft\u0131r. 1966 y\u0131l\u0131nda \u0130stanbul Veteriner Meslek Lisesi\u2019ni bitirdi.<\/p>\n\n\n\n<p><br>1966-1969 y\u0131l\u0131nda Yalva\u00e7\u2019ta Veteriner teknisyeni olarak \u00e7eli\u015fti. Askerlik g\u00f6revinin tamamlad\u0131ktan sonra Sivas&#8217;\u0131n il\u00e7elerinde g\u00f6rev yapt\u0131.<\/p>\n\n\n\n<p><br>1974 y\u0131l\u0131nda Prifizer A.S. veteriner ila\u00e7lar\u0131 Sat\u0131\u015f M\u00fcmessili olarak \u00e7al\u0131\u015ft\u0131<\/p>\n\n\n\n<p><br>1976 y\u0131l\u0131nda kendi i\u015fi olan Tar\u0131m G\u0131da Tavuk\u00e7ulu\u011fu kurarak Kayseri\u2019de tavuk\u00e7uluk sekt\u00f6r\u00fcne katildi. Kayseri\u2019de kald\u0131\u011f\u0131 12 y\u0131ll\u0131k s\u00fcre i\u00e7erisinde ticaretin inceliklerini ve i\u015f ahlakini \u00f6\u011frendi.<\/p>\n\n\n\n<p><br>1986 y\u0131l\u0131nda \u00e7ocuklar\u0131n\u0131n e\u011fitimi i\u00e7in \u0130zmir&#8217;e yerle\u015fti. 1996 y\u0131l\u0131nda Kutlusan Kafes Ekipman Hayvanc\u0131l\u0131k Sanayi ve Tic. A.S.&#8217;yi kurdu ve ayni y\u0131l Hollanda firmas\u0131 Rijvers ile yapt\u0131\u011f\u0131 Lisans ve Know-how anla\u015fmas\u0131 ile T\u00fcrkiye\u2019de teknolojik vas\u0131fta tavuk\u00e7uluk ekipmanlar\u0131 \u00fcretimini ba\u015flatt\u0131.<\/p>\n\n\n\n<p><br>1996 y\u0131l\u0131ndan itibaren yumurta tavu\u011fu ve et pilici b\u00fcy\u00fctme ve yeti\u015ftirme ekipmanlar\u0131 \u00fcretiminde, teknolojik geli\u015fmelere paralel olarak yapt\u0131\u011f\u0131 yat\u0131r\u0131mlarla geli\u015fen ve b\u00fcy\u00fcyen Kutlusan Kafes\u2019i T\u00fcrkiye\u2019de Pazar lideri konumuna getirdi. Kutlusan, yumurtac\u0131 tavuk kafesi, yumurtac\u0131 civciv yeti\u015ftirme kafesi, dam\u0131zl\u0131k tavuk kafesleri, etlik pili\u00e7 kafesleri ve ekipmanlar\u0131 \u00fcreten Kutlusan markas\u0131 ile 36 farkli \u00fclkeye ihracat yapmaya ba\u015flam\u0131\u015f ve aradan ge\u00e7en 24 y\u0131l i\u00e7erisinde yakla\u015f\u0131k 400 \u00e7al\u0131\u015fan\u0131 ve \u00fcr\u00fcn kalitesi ile alan\u0131nda d\u00fcnyan\u0131n say\u0131l\u0131 \u015firketlerinden biri konumuna gelmi\u015ftir. Kutluksan, 2012-2019 y\u0131llar\u0131 aras\u0131nda her y\u0131l ihracat\u0131 ile Ege B\u00f6lgesinde Makine \u0130hracat\u00e7\u0131lar\u0131 Kategorisinde ilk 3 firma aras\u0131nda yerini alm\u0131\u015ft\u0131r.<\/p>\n\n\n\n<p><br>B\u00fcy\u00fckkutlu ailesinin misyonu gere\u011fi, hayvanc\u0131l\u0131k ve tar\u0131msal alanlardaki yat\u0131r\u0131mlar\u0131 devam etmekte olup, bunun yani s\u0131ra elde etti\u011fi kazanc\u0131n bir k\u0131sm\u0131 ile de T\u00fcrkiye\u2019nin sosyal kalk\u0131nmas\u0131na (Cami, sa\u011fl\u0131k oca\u011f\u0131, okul, hastane, huzurevi yap\u0131m\u0131 gibi) katk\u0131da bulunmaktad\u0131r.<\/p>\n\n\n\n<p><\/p>\n<\/div><\/div>\n\n\n\n<p><\/p>\n\n\n\n<figure class=\"wp-block-image size-large\"><img decoding=\"async\" loading=\"lazy\" width=\"1024\" height=\"577\" src=\"http:\/\/www.mustafabuyukkutlu.com\/wp-content\/uploads\/2023\/12\/DSC00045-1024x577.jpg\" alt=\"\" class=\"wp-image-23\" srcset=\"https:\/\/www.mustafabuyukkutlu.com\/wp-content\/uploads\/2023\/12\/DSC00045-1024x577.jpg 1024w, https:\/\/www.mustafabuyukkutlu.com\/wp-content\/uploads\/2023\/12\/DSC00045-300x169.jpg 300w, https:\/\/www.mustafabuyukkutlu.com\/wp-content\/uploads\/2023\/12\/DSC00045-768x432.jpg 768w, https:\/\/www.mustafabuyukkutlu.com\/wp-content\/uploads\/2023\/12\/DSC00045-1536x865.jpg 1536w, https:\/\/www.mustafabuyukkutlu.com\/wp-content\/uploads\/2023\/12\/DSC00045-2048x1153.jpg 2048w\" sizes=\"(max-width: 1024px) 100vw, 1024px\" \/><\/figure>\n","protected":false},"excerpt":{"rendered":"<p>1948 y\u0131l\u0131nda Isparta&#8217;n\u0131n Yalva\u00e7 il\u00e7esinde do\u011fdu. \u0130lk ve orta \u00f6\u011frenimini Yalva\u00e7\u2019ta tamamlam\u0131\u015ft\u0131r. 1966 y\u0131l\u0131nda \u0130stanbul Veteriner Meslek Lisesi\u2019ni bitirdi. 1966-1969 y\u0131l\u0131nda Yalva\u00e7\u2019ta Veteriner teknisyeni olarak \u00e7eli\u015fti. Askerlik g\u00f6revinin tamamlad\u0131ktan sonra Sivas&#8217;\u0131n il\u00e7elerinde g\u00f6rev yapt\u0131. 1974 y\u0131l\u0131nda Prifizer A.S. veteriner ila\u00e7lar\u0131 Sat\u0131\u015f M\u00fcmessili olarak \u00e7al\u0131\u015ft\u0131 1976 y\u0131l\u0131nda kendi i\u015fi olan Tar\u0131m G\u0131da Tavuk\u00e7ulu\u011fu kurarak Kayseri\u2019de tavuk\u00e7uluk [&hellip;]<\/p>\n","protected":false},"author":5,"featured_media":0,"parent":0,"menu_order":0,"comment_status":"closed","ping_status":"closed","template":"","meta":[],"_links":{"self":[{"href":"https:\/\/www.mustafabuyukkutlu.com\/index.php\/wp-json\/wp\/v2\/pages\/25"}],"collection":[{"href":"https:\/\/www.mustafabuyukkutlu.com\/index.php\/wp-json\/wp\/v2\/pages"}],"about":[{"href":"https:\/\/www.mustafabuyukkutlu.com\/index.php\/wp-json\/wp\/v2\/types\/page"}],"author":[{"embeddable":true,"href":"https:\/\/www.mustafabuyukkutlu.com\/index.php\/wp-json\/wp\/v2\/users\/5"}],"replies":[{"embeddable":true,"href":"https:\/\/www.mustafabuyukkutlu.com\/index.php\/wp-json\/wp\/v2\/comments?post=25"}],"version-history":[{"count":4,"href":"https:\/\/www.mustafabuyukkutlu.com\/index.php\/wp-json\/wp\/v2\/pages\/25\/revisions"}],"predecessor-version":[{"id":69,"href":"https:\/\/www.mustafabuyukkutlu.com\/index.php\/wp-json\/wp\/v2\/pages\/25\/revisions\/69"}],"wp:attachment":[{"href":"https:\/\/www.mustafabuyukkutlu.com\/index.php\/wp-json\/wp\/v2\/media?parent=25"}],"curies":[{"name":"wp","href":"https:\/\/api.w.org\/{rel}","templated":true}]}}